{"id":16743,"date":"2025-09-27T16:02:34","date_gmt":"2025-09-27T20:02:34","guid":{"rendered":"https:\/\/ninpartners.com\/25\/?page_id=16743"},"modified":"2025-09-27T18:28:22","modified_gmt":"2025-09-27T22:28:22","slug":"diseno-climatizacion","status":"publish","type":"page","link":"https:\/\/ninpartners.com\/en\/diseno-climatizacion\/","title":{"rendered":"Dise\u00f1o climatizaci\u00f3n"},"content":{"rendered":"<div data-elementor-type=\"wp-page\" data-elementor-id=\"16743\" class=\"elementor elementor-16743\">\n\t\t\t\t        <section class=\"elementor-section elementor-top-section elementor-element elementor-element-2e46a6f elementor-section-stretched elementor-section-full_width elementor-section-height-default elementor-section-height-default pxl-row-scroll-none pxl-zoom-point-false pxl-section-overflow-visible pxl-full-content-with-space-none\" data-id=\"2e46a6f\" data-element_type=\"section\" data-settings=\"{&quot;stretch_section&quot;:&quot;section-stretched&quot;,&quot;background_background&quot;:&quot;classic&quot;}\">\n\n                            <div class=\"elementor-background-overlay\"><\/div>\n            \n                <div class=\"elementor-container elementor-column-gap-extended\">\n                <div class=\"elementor-column elementor-col-100 elementor-top-column elementor-element elementor-element-1227771 pxl-column-none pxl-column-overflow-hidden-no\" data-id=\"1227771\" data-element_type=\"column\">\r\n        <div class=\"elementor-widget-wrap elementor-element-populated\">\r\n                     \r\n                <section class=\"elementor-section elementor-inner-section elementor-element elementor-element-7ca41e8 elementor-section-boxed elementor-section-height-default elementor-section-height-default pxl-row-scroll-none pxl-zoom-point-false pxl-section-overflow-visible\" data-id=\"7ca41e8\" data-element_type=\"section\">\n\n                \n                <div class=\"elementor-container elementor-column-gap-default\">\n                <div class=\"elementor-column elementor-col-100 elementor-inner-column elementor-element elementor-element-3c9a6a5 pxl-column-none pxl-column-overflow-hidden-no\" data-id=\"3c9a6a5\" data-element_type=\"column\">\r\n        <div class=\"elementor-widget-wrap elementor-element-populated\">\r\n                     \r\n        \t\t<div class=\"elementor-element elementor-element-639a9ac elementor-widget elementor-widget-pxl_heading\" data-id=\"639a9ac\" data-element_type=\"widget\" data-widget_type=\"pxl_heading.default\">\n\t\t\t\t<div class=\"elementor-widget-container\">\n\t\t\t\t\t\n<div id=\"pxl-pxl_heading-639a9ac-6256\" class=\"pxl-heading px-sub-title-default-style\">\n\t<div class=\"pxl-heading--inner\">\n\t\t\n\t\t<h3 class=\"pxl-item--title style-default ft-gt highlight-default\" data-wow-delay=\"ms\">\n\t\t\t\t\t\t\tDise\u00f1o climatizaci\u00f3n\t\n\t\t\t\t\n\t\t<\/h3>\n\t\t\n\t<\/div>\n<\/div>\t\t\t\t<\/div>\n\t\t\t\t<\/div>\n\t\t\t\t<div class=\"elementor-element elementor-element-58325a1 elementor-widget-divider--view-line elementor-widget elementor-widget-divider\" data-id=\"58325a1\" data-element_type=\"widget\" data-widget_type=\"divider.default\">\n\t\t\t\t\t\t\t<div class=\"elementor-divider\">\n\t\t\t<span class=\"elementor-divider-separator\">\n\t\t\t\t\t\t<\/span>\n\t\t<\/div>\n\t\t\t\t\t\t<\/div>\n\t\t\t\t<div class=\"elementor-element elementor-element-c595755 elementor-widget-divider--view-line elementor-widget elementor-widget-divider\" data-id=\"c595755\" data-element_type=\"widget\" data-widget_type=\"divider.default\">\n\t\t\t\t\t\t\t<div class=\"elementor-divider\">\n\t\t\t<span class=\"elementor-divider-separator\">\n\t\t\t\t\t\t<\/span>\n\t\t<\/div>\n\t\t\t\t\t\t<\/div>\n\t\t\t\t<div class=\"elementor-element elementor-element-e96c16e elementor-widget elementor-widget-pxl_breadcrumb\" data-id=\"e96c16e\" data-element_type=\"widget\" data-widget_type=\"pxl_breadcrumb.default\">\n\t\t\t\t<div class=\"elementor-widget-container\">\n\t\t\t\t\t<div class=\"pxl-breadcrumb-wrap\">\n\t<ul class=\"pxl-breadcrumb\"><li><span class=\"breadcrumb-entry\">Inicio<\/span><\/li><\/ul><\/div>\t\t\t\t<\/div>\n\t\t\t\t<\/div>\n\t\t            <\/div>\r\n        <\/div>\r\n        \t\t\t<\/div>\n\t\t<\/section>\n\t\t            <\/div>\r\n        <\/div>\r\n        \t\t\t<\/div>\n\t\t<\/section>\n\t\t        <section class=\"elementor-section elementor-top-section elementor-element elementor-element-75fc359 elementor-section-stretched elementor-section-boxed elementor-section-height-default elementor-section-height-default pxl-row-scroll-none pxl-zoom-point-false pxl-section-overflow-visible\" data-id=\"75fc359\" data-element_type=\"section\" data-settings=\"{&quot;stretch_section&quot;:&quot;section-stretched&quot;}\">\n\n                \n                <div class=\"elementor-container elementor-column-gap-extended\">\n                <div class=\"elementor-column elementor-col-100 elementor-top-column elementor-element elementor-element-f1dc805 pxl-column-none pxl-column-overflow-hidden-no\" data-id=\"f1dc805\" data-element_type=\"column\">\r\n        <div class=\"elementor-widget-wrap elementor-element-populated\">\r\n                     \r\n        \t\t<div class=\"elementor-element elementor-element-3f40ac9 elementor-widget elementor-widget-pxl_text_editor\" data-id=\"3f40ac9\" data-element_type=\"widget\" data-widget_type=\"pxl_text_editor.default\">\n\t\t\t\t<div class=\"elementor-widget-container\">\n\t\t\t\t\t<div class=\"pxl-text-editor\">\n\t<div class=\"pxl-item--inner  ft-gt\" data-wow-delay=\"ms\">\n\t\t<p>Un dise\u00f1o de HVAC (Calefacci\u00f3n, Ventilaci\u00f3n y Aire Acondicionado) bien planificado es la columna vertebral de cualquier edificaci\u00f3n moderna. No se trata solo de controlar la temperatura, sino de crear ambientes saludables, reducir costos operativos a largo plazo y cumplir con las normativas energ\u00e9ticas m\u00e1s exigentes. En Nin Partners, transformamos desaf\u00edos complejos de climatizaci\u00f3n en soluciones de ingenier\u00eda elegantes y eficientes.<\/p>\t\t\n\t<\/div>\n<\/div>\t\t\t\t<\/div>\n\t\t\t\t<\/div>\n\t\t            <\/div>\r\n        <\/div>\r\n        \t\t\t<\/div>\n\t\t<\/section>\n\t\t        <section class=\"elementor-section elementor-top-section elementor-element elementor-element-ec98119 elementor-section-stretched elementor-section-boxed elementor-section-height-default elementor-section-height-default pxl-row-scroll-none pxl-zoom-point-false pxl-section-overflow-visible\" data-id=\"ec98119\" data-element_type=\"section\" data-settings=\"{&quot;stretch_section&quot;:&quot;section-stretched&quot;}\">\n\n                \n                <div class=\"elementor-container elementor-column-gap-extended\">\n                <div class=\"elementor-column elementor-col-50 elementor-top-column elementor-element elementor-element-723b30f hv-icb pxl-column-none pxl-column-overflow-hidden-no\" data-id=\"723b30f\" data-element_type=\"column\">\r\n        <div class=\"elementor-widget-wrap elementor-element-populated\">\r\n                     \r\n        \t\t<div class=\"elementor-element elementor-element-23d5a02 elementor-widget elementor-widget-pxl_icon_box\" data-id=\"23d5a02\" data-element_type=\"widget\" data-widget_type=\"pxl_icon_box.default\">\n\t\t\t\t<div class=\"elementor-widget-container\">\n\t\t\t\t\t<div class=\"pxl-icon-box pxl-icon-box1 style-2 ani1\" data-wow-delay=\"ms\">\r\n    <div class=\"pxl-item--inner\">\r\n        \r\n                            <div class=\"pxl-item--icon\">\r\n                                    <svg xmlns=\"http:\/\/www.w3.org\/2000\/svg\" height=\"434pt\" viewbox=\"0 -65 434.67733 434\" width=\"434pt\"><path d=\"m152.003906 304.34375c-5.460937 0-10.921875-2.089844-15.082031-6.25l-130.664063-130.667969c-8.34375-8.339843-8.34375-21.824219 0-30.164062 8.339844-8.339844 21.820313-8.339844 30.164063 0l115.582031 115.582031 246.253906-246.25c8.339844-8.339844 21.820313-8.339844 30.164063 0 8.339844 8.34375 8.339844 21.824219 0 30.167969l-261.332031 261.332031c-4.160156 4.160156-9.625 6.25-15.085938 6.25zm0 0\"><\/path><\/svg>                                <\/div>\r\n                        <div class=\"pxl-item--meta\">\r\n            <h5 class=\"pxl-item--title el-empty\">\r\n                                                <\/h5>\r\n            <div class=\"pxl-item--description el-empty\"><b>C\u00e1lculo de Cargas T\u00e9rmicas:<\/b> An\u00e1lisis detallado para un dimensionamiento preciso de los equipos.<\/div>\r\n        <\/div>\r\n    <\/div>\r\n<\/div>\t\t\t\t<\/div>\n\t\t\t\t<\/div>\n\t\t\t\t<div class=\"elementor-element elementor-element-33cd229 elementor-widget elementor-widget-pxl_icon_box\" data-id=\"33cd229\" data-element_type=\"widget\" data-widget_type=\"pxl_icon_box.default\">\n\t\t\t\t<div class=\"elementor-widget-container\">\n\t\t\t\t\t<div class=\"pxl-icon-box pxl-icon-box1 style-2 ani1\" data-wow-delay=\"ms\">\r\n    <div class=\"pxl-item--inner\">\r\n        \r\n                            <div class=\"pxl-item--icon\">\r\n                                    <svg xmlns=\"http:\/\/www.w3.org\/2000\/svg\" height=\"434pt\" viewbox=\"0 -65 434.67733 434\" width=\"434pt\"><path d=\"m152.003906 304.34375c-5.460937 0-10.921875-2.089844-15.082031-6.25l-130.664063-130.667969c-8.34375-8.339843-8.34375-21.824219 0-30.164062 8.339844-8.339844 21.820313-8.339844 30.164063 0l115.582031 115.582031 246.253906-246.25c8.339844-8.339844 21.820313-8.339844 30.164063 0 8.339844 8.34375 8.339844 21.824219 0 30.167969l-261.332031 261.332031c-4.160156 4.160156-9.625 6.25-15.085938 6.25zm0 0\"><\/path><\/svg>                                <\/div>\r\n                        <div class=\"pxl-item--meta\">\r\n            <h5 class=\"pxl-item--title el-empty\">\r\n                                                <\/h5>\r\n            <div class=\"pxl-item--description el-empty\"><b>Dise\u00f1o de Sistemas de Ventilaci\u00f3n y Extracci\u00f3n:<\/b>Garantizando la renovaci\u00f3n y calidad del aire seg\u00fan normativas (ASHRAE).<\/div>\r\n        <\/div>\r\n    <\/div>\r\n<\/div>\t\t\t\t<\/div>\n\t\t\t\t<\/div>\n\t\t\t\t<div class=\"elementor-element elementor-element-e93b4a6 elementor-widget elementor-widget-pxl_icon_box\" data-id=\"e93b4a6\" data-element_type=\"widget\" data-widget_type=\"pxl_icon_box.default\">\n\t\t\t\t<div class=\"elementor-widget-container\">\n\t\t\t\t\t<div class=\"pxl-icon-box pxl-icon-box1 style-2 ani1\" data-wow-delay=\"ms\">\r\n    <div class=\"pxl-item--inner\">\r\n        \r\n                            <div class=\"pxl-item--icon\">\r\n                                    <svg xmlns=\"http:\/\/www.w3.org\/2000\/svg\" height=\"434pt\" viewbox=\"0 -65 434.67733 434\" width=\"434pt\"><path d=\"m152.003906 304.34375c-5.460937 0-10.921875-2.089844-15.082031-6.25l-130.664063-130.667969c-8.34375-8.339843-8.34375-21.824219 0-30.164062 8.339844-8.339844 21.820313-8.339844 30.164063 0l115.582031 115.582031 246.253906-246.25c8.339844-8.339844 21.820313-8.339844 30.164063 0 8.339844 8.34375 8.339844 21.824219 0 30.167969l-261.332031 261.332031c-4.160156 4.160156-9.625 6.25-15.085938 6.25zm0 0\"><\/path><\/svg>                                <\/div>\r\n                        <div class=\"pxl-item--meta\">\r\n            <h5 class=\"pxl-item--title el-empty\">\r\n                                                <\/h5>\r\n            <div class=\"pxl-item--description el-empty\"><b>Dise\u00f1o de Sistemas de Aire Acondicionado:<\/b> (Sistemas de Expansi\u00f3n Directa, VRF, Agua Helada - Chillers).<\/div>\r\n        <\/div>\r\n    <\/div>\r\n<\/div>\t\t\t\t<\/div>\n\t\t\t\t<\/div>\n\t\t            <\/div>\r\n        <\/div>\r\n                <div class=\"elementor-column elementor-col-50 elementor-top-column elementor-element elementor-element-30611ac hv-icb pxl-column-none pxl-column-overflow-hidden-no\" data-id=\"30611ac\" data-element_type=\"column\">\r\n        <div class=\"elementor-widget-wrap elementor-element-populated\">\r\n                     \r\n        \t\t<div class=\"elementor-element elementor-element-926e0fe elementor-widget__width-auto elementor-absolute elementor-hidden-mobile elementor-widget-divider--view-line elementor-widget elementor-widget-divider\" data-id=\"926e0fe\" data-element_type=\"widget\" data-settings=\"{&quot;_position&quot;:&quot;absolute&quot;}\" data-widget_type=\"divider.default\">\n\t\t\t\t\t\t\t<div class=\"elementor-divider\">\n\t\t\t<span class=\"elementor-divider-separator\">\n\t\t\t\t\t\t<\/span>\n\t\t<\/div>\n\t\t\t\t\t\t<\/div>\n\t\t\t\t<div class=\"elementor-element elementor-element-ed78c4c elementor-widget__width-auto elementor-absolute elementor-hidden-tablet elementor-hidden-mobile elementor-widget-divider--view-line elementor-widget elementor-widget-divider\" data-id=\"ed78c4c\" data-element_type=\"widget\" data-settings=\"{&quot;_position&quot;:&quot;absolute&quot;}\" data-widget_type=\"divider.default\">\n\t\t\t\t\t\t\t<div class=\"elementor-divider\">\n\t\t\t<span class=\"elementor-divider-separator\">\n\t\t\t\t\t\t<\/span>\n\t\t<\/div>\n\t\t\t\t\t\t<\/div>\n\t\t\t\t<div class=\"elementor-element elementor-element-9136bd2 elementor-widget elementor-widget-pxl_icon_box\" data-id=\"9136bd2\" data-element_type=\"widget\" data-widget_type=\"pxl_icon_box.default\">\n\t\t\t\t<div class=\"elementor-widget-container\">\n\t\t\t\t\t<div class=\"pxl-icon-box pxl-icon-box1 style-2 ani1\" data-wow-delay=\"ms\">\r\n    <div class=\"pxl-item--inner\">\r\n        \r\n                            <div class=\"pxl-item--icon\">\r\n                                    <svg xmlns=\"http:\/\/www.w3.org\/2000\/svg\" height=\"434pt\" viewbox=\"0 -65 434.67733 434\" width=\"434pt\"><path d=\"m152.003906 304.34375c-5.460937 0-10.921875-2.089844-15.082031-6.25l-130.664063-130.667969c-8.34375-8.339843-8.34375-21.824219 0-30.164062 8.339844-8.339844 21.820313-8.339844 30.164063 0l115.582031 115.582031 246.253906-246.25c8.339844-8.339844 21.820313-8.339844 30.164063 0 8.339844 8.34375 8.339844 21.824219 0 30.167969l-261.332031 261.332031c-4.160156 4.160156-9.625 6.25-15.085938 6.25zm0 0\"><\/path><\/svg>                                <\/div>\r\n                        <div class=\"pxl-item--meta\">\r\n            <h5 class=\"pxl-item--title el-empty\">\r\n                                                <\/h5>\r\n            <div class=\"pxl-item--description el-empty\"><b>Selecci\u00f3n de Equipos y Especificaciones T\u00e9cnicas:<\/b> Recomendamos la tecnolog\u00eda m\u00e1s adecuada para tu presupuesto y objetivos de rendimiento.<\/div>\r\n        <\/div>\r\n    <\/div>\r\n<\/div>\t\t\t\t<\/div>\n\t\t\t\t<\/div>\n\t\t\t\t<div class=\"elementor-element elementor-element-adf7963 elementor-widget elementor-widget-pxl_icon_box\" data-id=\"adf7963\" data-element_type=\"widget\" data-widget_type=\"pxl_icon_box.default\">\n\t\t\t\t<div class=\"elementor-widget-container\">\n\t\t\t\t\t<div class=\"pxl-icon-box pxl-icon-box1 style-2 ani1\" data-wow-delay=\"ms\">\r\n    <div class=\"pxl-item--inner\">\r\n        \r\n                            <div class=\"pxl-item--icon\">\r\n                                    <svg xmlns=\"http:\/\/www.w3.org\/2000\/svg\" height=\"434pt\" viewbox=\"0 -65 434.67733 434\" width=\"434pt\"><path d=\"m152.003906 304.34375c-5.460937 0-10.921875-2.089844-15.082031-6.25l-130.664063-130.667969c-8.34375-8.339843-8.34375-21.824219 0-30.164062 8.339844-8.339844 21.820313-8.339844 30.164063 0l115.582031 115.582031 246.253906-246.25c8.339844-8.339844 21.820313-8.339844 30.164063 0 8.339844 8.34375 8.339844 21.824219 0 30.167969l-261.332031 261.332031c-4.160156 4.160156-9.625 6.25-15.085938 6.25zm0 0\"><\/path><\/svg>                                <\/div>\r\n                        <div class=\"pxl-item--meta\">\r\n            <h5 class=\"pxl-item--title el-empty\">\r\n                                                <\/h5>\r\n            <div class=\"pxl-item--description el-empty\"><b>Modelado 3D y Coordinaci\u00f3n BIM:<\/b>Detecci\u00f3n de interferencias y optimizaci\u00f3n del dise\u00f1o antes de la construcci\u00f3n.<\/div>\r\n        <\/div>\r\n    <\/div>\r\n<\/div>\t\t\t\t<\/div>\n\t\t\t\t<\/div>\n\t\t\t\t<div class=\"elementor-element elementor-element-2b0ab45 elementor-widget elementor-widget-pxl_icon_box\" data-id=\"2b0ab45\" data-element_type=\"widget\" data-widget_type=\"pxl_icon_box.default\">\n\t\t\t\t<div class=\"elementor-widget-container\">\n\t\t\t\t\t<div class=\"pxl-icon-box pxl-icon-box1 style-2 ani1\" data-wow-delay=\"ms\">\r\n    <div class=\"pxl-item--inner\">\r\n        \r\n                            <div class=\"pxl-item--icon\">\r\n                                    <svg xmlns=\"http:\/\/www.w3.org\/2000\/svg\" height=\"434pt\" viewbox=\"0 -65 434.67733 434\" width=\"434pt\"><path d=\"m152.003906 304.34375c-5.460937 0-10.921875-2.089844-15.082031-6.25l-130.664063-130.667969c-8.34375-8.339843-8.34375-21.824219 0-30.164062 8.339844-8.339844 21.820313-8.339844 30.164063 0l115.582031 115.582031 246.253906-246.25c8.339844-8.339844 21.820313-8.339844 30.164063 0 8.339844 8.34375 8.339844 21.824219 0 30.167969l-261.332031 261.332031c-4.160156 4.160156-9.625 6.25-15.085938 6.25zm0 0\"><\/path><\/svg>                                <\/div>\r\n                        <div class=\"pxl-item--meta\">\r\n            <h5 class=\"pxl-item--title el-empty\">\r\n                                                <\/h5>\r\n            <div class=\"pxl-item--description el-empty\"><b>Consultor\u00eda en Sostenibilidad y Certificaci\u00f3n LEED:<\/b> Dise\u00f1os enfocados en la m\u00e1xima eficiencia y el m\u00ednimo impacto ambiental.<\/div>\r\n        <\/div>\r\n    <\/div>\r\n<\/div>\t\t\t\t<\/div>\n\t\t\t\t<\/div>\n\t\t            <\/div>\r\n        <\/div>\r\n        \t\t\t<\/div>\n\t\t<\/section>\n\t\t        <section class=\"elementor-section elementor-top-section elementor-element elementor-element-080bc89 elementor-section-stretched elementor-section-boxed elementor-section-height-default elementor-section-height-default pxl-row-scroll-none pxl-zoom-point-false pxl-section-overflow-visible\" data-id=\"080bc89\" data-element_type=\"section\" data-settings=\"{&quot;stretch_section&quot;:&quot;section-stretched&quot;,&quot;background_background&quot;:&quot;classic&quot;}\">\n\n                \n                <div class=\"elementor-container elementor-column-gap-wide\">\n                <div class=\"elementor-column elementor-col-50 elementor-top-column elementor-element elementor-element-6f4d5f5 pxl-column-none pxl-column-overflow-hidden-no\" data-id=\"6f4d5f5\" data-element_type=\"column\">\r\n        <div class=\"elementor-widget-wrap elementor-element-populated\">\r\n                     \r\n        \t\t<div class=\"elementor-element elementor-element-520930e ft-gt elementor-widget elementor-widget-pxl_heading\" data-id=\"520930e\" data-element_type=\"widget\" data-widget_type=\"pxl_heading.default\">\n\t\t\t\t<div class=\"elementor-widget-container\">\n\t\t\t\t\t\n<div id=\"pxl-pxl_heading-520930e-2536\" class=\"pxl-heading px-sub-title-default-style\">\n\t<div class=\"pxl-heading--inner\">\n\t\t\t\t\t<div class=\"pxl-item--subtitle px-sub-title-default\" data-wow-delay=\"ms\">\n\t\t\t\t<span class=\"pxl-item--subtext\">\n\t\t\t\t\t\t\t\t\t\tOur Approach\t\t\t\t<\/span>\n\t\t\t<\/div>\n\t\t\n\t\t<h3 class=\"pxl-item--title style-default  highlight-default\" data-wow-delay=\"ms\">\n\t\t\t\t\t\t\tStandards Compliance\t\n\t\t\t\t\n\t\t<\/h3>\n\t\t\n\t<\/div>\n<\/div>\t\t\t\t<\/div>\n\t\t\t\t<\/div>\n\t\t\t\t<div class=\"elementor-element elementor-element-01ada53 elementor-absolute elementor-widget-divider--view-line elementor-widget elementor-widget-divider\" data-id=\"01ada53\" data-element_type=\"widget\" data-settings=\"{&quot;_position&quot;:&quot;absolute&quot;}\" data-widget_type=\"divider.default\">\n\t\t\t\t\t\t\t<div class=\"elementor-divider\">\n\t\t\t<span class=\"elementor-divider-separator\">\n\t\t\t\t\t\t<\/span>\n\t\t<\/div>\n\t\t\t\t\t\t<\/div>\n\t\t            <\/div>\r\n        <\/div>\r\n                <div class=\"elementor-column elementor-col-50 elementor-top-column elementor-element elementor-element-87c1fe4 pxl-column-none pxl-column-overflow-hidden-no\" data-id=\"87c1fe4\" data-element_type=\"column\">\r\n        <div class=\"elementor-widget-wrap elementor-element-populated\">\r\n                     \r\n        \t\t<div class=\"elementor-element elementor-element-f4eb4b1 elementor-widget__width-initial elementor-widget elementor-widget-pxl_text_editor\" data-id=\"f4eb4b1\" data-element_type=\"widget\" data-widget_type=\"pxl_text_editor.default\">\n\t\t\t\t<div class=\"elementor-widget-container\">\n\t\t\t\t\t<div class=\"pxl-text-editor\">\n\t<div class=\"pxl-item--inner\" data-wow-delay=\"ms\">\n\t\t<p>\u00a0<img decoding=\"async\" class=\"alignnone  wp-image-16744\" src=\"https:\/\/ninpartners.com\/25\/wp-content\/uploads\/2025\/09\/ASHRAE_Logo-300x208.png\" alt=\"\" width=\"158\" height=\"110\" srcset=\"https:\/\/ninpartners.com\/wp-content\/uploads\/2025\/09\/ASHRAE_Logo-300x208.png 300w, https:\/\/ninpartners.com\/wp-content\/uploads\/2025\/09\/ASHRAE_Logo-1024x709.png 1024w, https:\/\/ninpartners.com\/wp-content\/uploads\/2025\/09\/ASHRAE_Logo-768x532.png 768w, https:\/\/ninpartners.com\/wp-content\/uploads\/2025\/09\/ASHRAE_Logo-18x12.png 18w, https:\/\/ninpartners.com\/wp-content\/uploads\/2025\/09\/ASHRAE_Logo-1026x710.png 1026w, https:\/\/ninpartners.com\/wp-content\/uploads\/2025\/09\/ASHRAE_Logo.png 1280w\" sizes=\"(max-width: 158px) 100vw, 158px\" \/><\/p>\t\t\n\t<\/div>\n<\/div>\t\t\t\t<\/div>\n\t\t\t\t<\/div>\n\t\t            <\/div>\r\n        <\/div>\r\n        \t\t\t<\/div>\n\t\t<\/section>\n\t\t        <section class=\"elementor-section elementor-top-section elementor-element elementor-element-2225d32 elementor-section-height-min-height elementor-section-stretched elementor-section-boxed elementor-section-height-default elementor-section-items-middle pxl-row-scroll-none pxl-zoom-point-false pxl-section-overflow-visible\" data-id=\"2225d32\" data-element_type=\"section\" data-settings=\"{&quot;stretch_section&quot;:&quot;section-stretched&quot;,&quot;background_background&quot;:&quot;classic&quot;}\">\n\n                \n                <div class=\"elementor-container elementor-column-gap-extended\">\n                <div class=\"elementor-column elementor-col-100 elementor-top-column elementor-element elementor-element-19d730d pxl-column-none pxl-column-overflow-hidden-no\" data-id=\"19d730d\" data-element_type=\"column\">\r\n        <div class=\"elementor-widget-wrap elementor-element-populated\">\r\n                     \r\n        \t\t<div class=\"elementor-element elementor-element-7e03268 ft-gt elementor-widget elementor-widget-pxl_heading\" data-id=\"7e03268\" data-element_type=\"widget\" data-widget_type=\"pxl_heading.default\">\n\t\t\t\t<div class=\"elementor-widget-container\">\n\t\t\t\t\t\n<div id=\"pxl-pxl_heading-7e03268-6926\" class=\"pxl-heading px-sub-title-default-style\">\n\t<div class=\"pxl-heading--inner\">\n\t\t\n\t\t<h3 class=\"pxl-item--title style-default ft-gt highlight-default pxl-split-text split-in-fade\" data-wow-delay=\"ms\">\n\t\t\t\t\t\t\t\u00bfListo para Iniciar tu Pr\u00f3ximo Gran Proyecto?\t\n\t\t\t\t\n\t\t<\/h3>\n\t\t\n\t<\/div>\n<\/div>\t\t\t\t<\/div>\n\t\t\t\t<\/div>\n\t\t\t\t<div class=\"elementor-element elementor-element-f2de8b2 elementor-widget elementor-widget-pxl_text_editor\" data-id=\"f2de8b2\" data-element_type=\"widget\" data-widget_type=\"pxl_text_editor.default\">\n\t\t\t\t<div class=\"elementor-widget-container\">\n\t\t\t\t\t<div class=\"pxl-text-editor\">\n\t<div class=\"pxl-item--inner  ft-gt\" data-wow-delay=\"ms\">\n\t\t<p>Nuestro equipo de ingenieros est\u00e1 listo para discutir tus necesidades y ofrecerte una soluci\u00f3n de dise\u00f1o HVAC a la medida.<\/p>\t\t\n\t<\/div>\n<\/div>\t\t\t\t<\/div>\n\t\t\t\t<\/div>\n\t\t\t\t<div class=\"elementor-element elementor-element-b27f707 elementor-align-left ft-gt pxl-icon-list  elementor-widget elementor-widget-pxl_button\" data-id=\"b27f707\" data-element_type=\"widget\" data-widget_type=\"pxl_button.default\">\n\t\t\t\t<div class=\"elementor-widget-container\">\n\t\t\t\t\t<div id=\"pxl-pxl_button-b27f707-6599\" class=\"pxl-button pxl-atc-link\" data-wow-delay=\"ms\">\r\n    <a href=\"https:\/\/ninpartners.com\/en\/25\/contact-us\/\" class=\"btn pxl-icon-active btn-text-nina btn-default  inline pxl-icon--right\" data-wow-delay=\"ms\" data-target=\".pxl-page-popup-template-0\">\r\n                <span class=\"pxl--btn-text\" data-text=\"Let&#039;s Develop Together\">\r\n            <span>L<\/span><span>e<\/span><span>t<\/span><span>'<\/span><span>s<\/span><span class=\"spacer\">&nbsp;<\/span><span>D<\/span><span>e<\/span><span>v<\/span><span>e<\/span><span>l<\/span><span>o<\/span><span>p<\/span><span class=\"spacer\">&nbsp;<\/span><span>T<\/span><span>o<\/span><span>g<\/span><span>e<\/span><span>t<\/span><span>h<\/span><span>e<\/span><span>r<\/span>        <\/span>\r\n            <\/a>\r\n<\/div>\t\t\t\t<\/div>\n\t\t\t\t<\/div>\n\t\t            <\/div>\r\n        <\/div>\r\n        \t\t\t<\/div>\n\t\t<\/section>\n\t\t\t\t<\/div>","protected":false},"excerpt":{"rendered":"<p>Dise\u00f1o climatizaci\u00f3n Home Main Un dise\u00f1o de HVAC (Calefacci\u00f3n, Ventilaci\u00f3n y Aire Acondicionado) bien planificado es la columna vertebral de cualquier edificaci\u00f3n moderna. No se trata solo de controlar la temperatura, sino de crear ambientes saludables, reducir costos operativos a largo plazo y cumplir con las normativas energ\u00e9ticas m\u00e1s exigentes. En Nin Partners, transformamos desaf\u00edos [&hellip;]<\/p>","protected":false},"author":1,"featured_media":0,"parent":0,"menu_order":0,"comment_status":"closed","ping_status":"closed","template":"","meta":{"pagelayer_contact_templates":[],"_pagelayer_content":"","footnotes":""},"class_list":["post-16743","page","type-page","status-publish","hentry"],"_links":{"self":[{"href":"https:\/\/ninpartners.com\/en\/wp-json\/wp\/v2\/pages\/16743","targetHints":{"allow":["GET"]}}],"collection":[{"href":"https:\/\/ninpartners.com\/en\/wp-json\/wp\/v2\/pages"}],"about":[{"href":"https:\/\/ninpartners.com\/en\/wp-json\/wp\/v2\/types\/page"}],"author":[{"embeddable":true,"href":"https:\/\/ninpartners.com\/en\/wp-json\/wp\/v2\/users\/1"}],"replies":[{"embeddable":true,"href":"https:\/\/ninpartners.com\/en\/wp-json\/wp\/v2\/comments?post=16743"}],"version-history":[{"count":7,"href":"https:\/\/ninpartners.com\/en\/wp-json\/wp\/v2\/pages\/16743\/revisions"}],"predecessor-version":[{"id":16756,"href":"https:\/\/ninpartners.com\/en\/wp-json\/wp\/v2\/pages\/16743\/revisions\/16756"}],"wp:attachment":[{"href":"https:\/\/ninpartners.com\/en\/wp-json\/wp\/v2\/media?parent=16743"}],"curies":[{"name":"wp","href":"https:\/\/api.w.org\/{rel}","templated":true}]}}